{"id":694,"date":"2019-11-21T23:53:04","date_gmt":"2019-11-21T22:53:04","guid":{"rendered":"https:\/\/hinrich-schroeder.de\/?page_id=694"},"modified":"2024-08-18T23:04:24","modified_gmt":"2024-08-18T21:04:24","slug":"letzte-beitraege-2","status":"publish","type":"page","link":"https:\/\/hinrich-schroeder.de\/index.php\/letzte-beitraege-2\/","title":{"rendered":"Letzte Beitr\u00e4ge"},"content":{"rendered":"<ul class=\"wp-block-latest-posts__list has-dates wp-block-latest-posts\"><li><a class=\"wp-block-latest-posts__post-title\" href=\"https:\/\/hinrich-schroeder.de\/index.php\/2025\/07\/19\/unser-fc-memmingen-ist-leider-abgestiegen\/\">FC Memmingen: Wir sind wieder da!<\/a><time datetime=\"2025-07-19T21:38:45+02:00\" class=\"wp-block-latest-posts__post-date\">19. Juli 2025<\/time><div class=\"wp-block-latest-posts__post-excerpt\">Unser FCM befindet sich wieder in der Regionalliga Bayern, der vierth\u00f6chsten Fu\u00dfballklasse in Deutschland.Dort rollt ab dem 25. Juli 2025 wieder der Ball. Den Spielplan 2025\/26 f\u00fcr die Regionalliga Bayern kannst du hier downloaden .<\/div><\/li>\n<li><a class=\"wp-block-latest-posts__post-title\" href=\"https:\/\/hinrich-schroeder.de\/index.php\/2025\/07\/19\/werder-ist-wieder-ganz-oben\/\">Werder ist ger\u00fcstet!<\/a><time datetime=\"2025-07-19T00:16:00+02:00\" class=\"wp-block-latest-posts__post-date\">19. Juli 2025<\/time><div class=\"wp-block-latest-posts__post-excerpt\">Die Gr\u00fcnwei\u00dfen haben eine gute letzte Saison gespielt und einen einstelligen Tabellenplatz erreicht. In der Saison 2025\/26 soll es erfolgreich weitergehen! Alle Werder-Fans feuern ihre Mannschaft an. Auch Hinrich. Den Spielplan f\u00fcr die Saison 2025\/26 kannst du hier downloaden .<\/div><\/li>\n<li><a class=\"wp-block-latest-posts__post-title\" href=\"https:\/\/hinrich-schroeder.de\/index.php\/2024\/12\/31\/rom-die-ewige-stadt\/\">Rom &#8211; die Ewige Stadt<\/a><time datetime=\"2024-12-31T15:42:00+01:00\" class=\"wp-block-latest-posts__post-date\">31. Dezember 2024<\/time><div class=\"wp-block-latest-posts__post-excerpt\">Rom wurde angeblich 753 v.Chr. gegr\u00fcndet und war das Zentrum des Imperium Romanum. \u00dcber 1000 Jahre lang! Es hat auch unsere Kultur und Lebensform nachhaltig gepr\u00e4gt. Die Stadt hat heute 2,7 Millionen Einwohner und ist die Hauptstadt Italiens. Die Faszination dieses Ortes war uns eine Reise von einer Woche wert. Kolosseum Das Kolosseum ist ein\u2026\u00a0<a class=\"wp-block-latest-posts__read-more\" href=\"https:\/\/hinrich-schroeder.de\/index.php\/2024\/12\/31\/rom-die-ewige-stadt\/\" rel=\"noopener noreferrer\"><span class=\"screen-reader-text\">Rom &#8211; die Ewige Stadt <\/span>weiterlesen<\/a><\/div><\/li>\n<\/ul>","protected":false},"excerpt":{"rendered":"","protected":false},"author":1,"featured_media":0,"parent":0,"menu_order":0,"comment_status":"closed","ping_status":"closed","template":"","meta":{"_uag_custom_page_level_css":"","site-sidebar-layout":"default","site-content-layout":"default","ast-site-content-layout":"default","site-content-style":"default","site-sidebar-style":"default","ast-global-header-display":"","ast-banner-title-visibility":"","ast-main-header-display":"","ast-hfb-above-header-display":"","ast-hfb-below-header-display":"","ast-hfb-mobile-header-display":"","site-post-title":"","ast-breadcrumbs-content":"","ast-featured-img":"","footer-sml-layout":"","theme-transparent-header-meta":"default","adv-header-id-meta":"","stick-header-meta":"default","header-above-stick-meta":"","header-main-stick-meta":"","header-below-stick-meta":"","astra-migrate-meta-layouts":"set","ast-page-background-enabled":"default","ast-page-background-meta":{"desktop":{"background-color":"","background-image":"","background-repeat":"repeat","background-position":"center center","background-size":"auto","background-attachment":"scroll","background-type":"","background-media":"","overlay-type":"","overlay-color":"","overlay-opacity":"","overlay-gradient":""},"tablet":{"background-color":"","background-image":"","background-repeat":"repeat","background-position":"center center","background-size":"auto","background-attachment":"scroll","background-type":"","background-media":"","overlay-type":"","overlay-color":"","overlay-opacity":"","overlay-gradient":""},"mobile":{"background-color":"","background-image":"","background-repeat":"repeat","background-position":"center center","background-size":"auto","background-attachment":"scroll","background-type":"","background-media":"","overlay-type":"","overlay-color":"","overlay-opacity":"","overlay-gradient":""}},"ast-content-background-meta":{"desktop":{"background-color":"var(--ast-global-color-5)","background-image":"","background-repeat":"repeat","background-position":"center center","background-size":"auto","background-attachment":"scroll","background-type":"","background-media":"","overlay-type":"","overlay-color":"","overlay-opacity":"","overlay-gradient":""},"tablet":{"background-color":"var(--ast-global-color-5)","background-image":"","background-repeat":"repeat","background-position":"center center","background-size":"auto","background-attachment":"scroll","background-type":"","background-media":"","overlay-type":"","overlay-color":"","overlay-opacity":"","overlay-gradient":""},"mobile":{"background-color":"var(--ast-global-color-5)","background-image":"","background-repeat":"repeat","background-position":"center center","background-size":"auto","background-attachment":"scroll","background-type":"","background-media":"","overlay-type":"","overlay-color":"","overlay-opacity":"","overlay-gradient":""}},"footnotes":""},"class_list":["post-694","page","type-page","status-publish","hentry"],"spectra_custom_meta":{"_edit_lock":["1724015064:1"],"_edit_last":["1"],"php_everywhere_code":["Just put [php_everywhere] where you want the code to be executed."],"site-sidebar-layout":["default"],"site-content-layout":["default"],"theme-transparent-header-meta":["default"],"stick-header-meta":["default"],"ast-site-content-layout":["default"],"adv-header-id-meta":[""],"astra-migrate-meta-layouts":["set"],"footnotes":[""],"_easy_wp_meta_description":[""],"_uag_page_assets":["a:9:{s:3:\"css\";s:263:\".uag-blocks-common-selector{z-index:var(--z-index-desktop) !important}@media (max-width: 976px){.uag-blocks-common-selector{z-index:var(--z-index-tablet) !important}}@media (max-width: 767px){.uag-blocks-common-selector{z-index:var(--z-index-mobile) !important}}\n\";s:2:\"js\";s:0:\"\";s:18:\"current_block_list\";a:1:{i:0;s:17:\"core\/latest-posts\";}s:8:\"uag_flag\";b:0;s:11:\"uag_version\";s:10:\"1767269843\";s:6:\"gfonts\";a:0:{}s:10:\"gfonts_url\";s:0:\"\";s:12:\"gfonts_files\";a:0:{}s:14:\"uag_faq_layout\";b:0;}"],"_uag_css_file_name":["uag-css-694.css"]},"uagb_featured_image_src":{"full":false,"thumbnail":false,"medium":false,"medium_large":false,"large":false,"1536x1536":false,"2048x2048":false},"uagb_author_info":{"display_name":"Hinrich Schr\u00f6der","author_link":"https:\/\/hinrich-schroeder.de\/index.php\/author\/hschroeder\/"},"uagb_comment_info":0,"uagb_excerpt":null,"_links":{"self":[{"href":"https:\/\/hinrich-schroeder.de\/index.php\/wp-json\/wp\/v2\/pages\/694","targetHints":{"allow":["GET"]}}],"collection":[{"href":"https:\/\/hinrich-schroeder.de\/index.php\/wp-json\/wp\/v2\/pages"}],"about":[{"href":"https:\/\/hinrich-schroeder.de\/index.php\/wp-json\/wp\/v2\/types\/page"}],"author":[{"embeddable":true,"href":"https:\/\/hinrich-schroeder.de\/index.php\/wp-json\/wp\/v2\/users\/1"}],"replies":[{"embeddable":true,"href":"https:\/\/hinrich-schroeder.de\/index.php\/wp-json\/wp\/v2\/comments?post=694"}],"version-history":[{"count":3,"href":"https:\/\/hinrich-schroeder.de\/index.php\/wp-json\/wp\/v2\/pages\/694\/revisions"}],"predecessor-version":[{"id":1434,"href":"https:\/\/hinrich-schroeder.de\/index.php\/wp-json\/wp\/v2\/pages\/694\/revisions\/1434"}],"wp:attachment":[{"href":"https:\/\/hinrich-schroeder.de\/index.php\/wp-json\/wp\/v2\/media?parent=694"}],"curies":[{"name":"wp","href":"https:\/\/api.w.org\/{rel}","templated":true}]}}