{"id":50,"date":"2019-06-30T23:22:17","date_gmt":"2019-06-30T21:22:17","guid":{"rendered":"https:\/\/hinrich-schroeder.de\/?page_id=50"},"modified":"2025-07-19T22:13:14","modified_gmt":"2025-07-19T20:13:14","slug":"downloads","status":"publish","type":"page","link":"https:\/\/hinrich-schroeder.de\/index.php\/downloads\/","title":{"rendered":"Downloads"},"content":{"rendered":"\n<!--\n[sdm_download id=\"1071\" fancy=\"1\"]\n\n[sdm_download id=\"1072\" fancy=\"1\"]\n\n[sdm_download id=\"1176\" fancy=\"1\"]\n\n[sdm_download id=\"1192\" fancy=\"1\"]\n\n[sdm_download id=\"1240\"  fancy=\"1\"]\n\n[sdm_download id=\"1236\"  fancy=\"1\"]\n[sdm_download id=\"1459\"  fancy=\"1\"]\n-->\n<div class=\"sdm_download_item \"><div class=\"sdm_download_item_top\"><div class=\"sdm_download_thumbnail\"><\/div><div class=\"sdm_download_title\">2025\/26: Spiele des SV Werder Bremen<\/div><\/div><div style=\"clear:both;\"><\/div><div class=\"sdm_download_description\"><p>Hallo Werder-Fans!<\/p>\n<p>Werder hat eine gute letzte Saison gespielt. Es hat f\u00fcr Europa hat es leider nicht ganz gereicht.<br \/>\nTrotzdem ist der SV Werder die Nummer eins im Norden.<\/p>\n<p>Ich bitte um Verst\u00e4ndnis:<br \/>\n<strong>F\u00fcr die Richtigkeit kann ich leider keine Gew\u00e4hr \u00fcbernehmen.<\/strong><\/p>\n<\/div><div class=\"sdm_download_date\"><span class=\"sdm_download_date_label\">Published: <\/span><span class=\"sdm_download_date_value\">19. Juli 2025<\/span><\/div><div class=\"sdm_download_link\"><span class=\"sdm_download_button\"><a href=\"https:\/\/hinrich-schroeder.de\/?sdm_process_download=1&download_id=1581\" class=\"sdm_download green\" title=\"2025\/26: Spiele des SV Werder Bremen\" target=\"_self\">Jetzt herunterladen!<\/a><\/span><\/div><\/div><div class=\"sdm_clear_float\"><\/div>\n\n<div class=\"sdm_download_item \"><div class=\"sdm_download_item_top\"><div class=\"sdm_download_thumbnail\"><\/div><div class=\"sdm_download_title\">2025\/26: Spiele des FC Memmingen<\/div><\/div><div style=\"clear:both;\"><\/div><div class=\"sdm_download_description\"><p>Hallo FCM-Fans!<br \/>\nWir sind zur\u00fcck in der Regionalliga Bayern, der 4. h\u00f6chsten Fu\u00dfballklasse.<br \/>\nDie Spielpaarungen des FC Memmingen kann man sich hier herunterladen.<\/p>\n<p>Ich bitte um Verst\u00e4ndnis:<br \/>\n<strong>F\u00fcr die Richtigkeit kann ich leider keine Gew\u00e4hr \u00fcbernehmen.<\/strong><\/p>\n<\/div><div class=\"sdm_download_date\"><span class=\"sdm_download_date_label\">Published: <\/span><span class=\"sdm_download_date_value\">19. Juli 2025<\/span><\/div><div class=\"sdm_download_link\"><span class=\"sdm_download_button\"><a href=\"https:\/\/hinrich-schroeder.de\/?sdm_process_download=1&download_id=1572\" class=\"sdm_download green\" title=\"2025\/26: Spiele des FC Memmingen\" target=\"_self\">Jetzt herunterladen!<\/a><\/span><\/div><\/div><div class=\"sdm_clear_float\"><\/div>\n\n\n\n<p><\/p>\n","protected":false},"excerpt":{"rendered":"","protected":false},"author":1,"featured_media":0,"parent":0,"menu_order":0,"comment_status":"closed","ping_status":"closed","template":"","meta":{"_uag_custom_page_level_css":"","site-sidebar-layout":"default","site-content-layout":"default","ast-site-content-layout":"default","site-content-style":"default","site-sidebar-style":"default","ast-global-header-display":"","ast-banner-title-visibility":"","ast-main-header-display":"","ast-hfb-above-header-display":"","ast-hfb-below-header-display":"","ast-hfb-mobile-header-display":"","site-post-title":"","ast-breadcrumbs-content":"","ast-featured-img":"","footer-sml-layout":"","theme-transparent-header-meta":"default","adv-header-id-meta":"","stick-header-meta":"default","header-above-stick-meta":"","header-main-stick-meta":"","header-below-stick-meta":"","astra-migrate-meta-layouts":"set","ast-page-background-enabled":"default","ast-page-background-meta":{"desktop":{"background-color":"","background-image":"","background-repeat":"repeat","background-position":"center center","background-size":"auto","background-attachment":"scroll","background-type":"","background-media":"","overlay-type":"","overlay-color":"","overlay-opacity":"","overlay-gradient":""},"tablet":{"background-color":"","background-image":"","background-repeat":"repeat","background-position":"center center","background-size":"auto","background-attachment":"scroll","background-type":"","background-media":"","overlay-type":"","overlay-color":"","overlay-opacity":"","overlay-gradient":""},"mobile":{"background-color":"","background-image":"","background-repeat":"repeat","background-position":"center center","background-size":"auto","background-attachment":"scroll","background-type":"","background-media":"","overlay-type":"","overlay-color":"","overlay-opacity":"","overlay-gradient":""}},"ast-content-background-meta":{"desktop":{"background-color":"var(--ast-global-color-5)","background-image":"","background-repeat":"repeat","background-position":"center center","background-size":"auto","background-attachment":"scroll","background-type":"","background-media":"","overlay-type":"","overlay-color":"","overlay-opacity":"","overlay-gradient":""},"tablet":{"background-color":"var(--ast-global-color-5)","background-image":"","background-repeat":"repeat","background-position":"center center","background-size":"auto","background-attachment":"scroll","background-type":"","background-media":"","overlay-type":"","overlay-color":"","overlay-opacity":"","overlay-gradient":""},"mobile":{"background-color":"var(--ast-global-color-5)","background-image":"","background-repeat":"repeat","background-position":"center center","background-size":"auto","background-attachment":"scroll","background-type":"","background-media":"","overlay-type":"","overlay-color":"","overlay-opacity":"","overlay-gradient":""}},"footnotes":""},"class_list":["post-50","page","type-page","status-publish","hentry"],"spectra_custom_meta":{"_edit_lock":["1752956439:1"],"_edit_last":["1"],"site-sidebar-layout":["default"],"site-content-layout":["default"],"theme-transparent-header-meta":["default"],"stick-header-meta":["default"],"php_everywhere_code":["Just put [php_everywhere] where you want the code to be executed."],"_easy_wp_meta_description":[""],"_uag_custom_page_level_css":[""],"ast-site-content-layout":["default"],"adv-header-id-meta":[""],"astra-migrate-meta-layouts":["set"],"footnotes":[""],"_uag_page_assets":["a:9:{s:3:\"css\";s:263:\".uag-blocks-common-selector{z-index:var(--z-index-desktop) !important}@media (max-width: 976px){.uag-blocks-common-selector{z-index:var(--z-index-tablet) !important}}@media (max-width: 767px){.uag-blocks-common-selector{z-index:var(--z-index-mobile) !important}}\n\";s:2:\"js\";s:0:\"\";s:18:\"current_block_list\";a:2:{i:0;s:9:\"core\/html\";i:1;s:14:\"core\/paragraph\";}s:8:\"uag_flag\";b:0;s:11:\"uag_version\";s:10:\"1767269843\";s:6:\"gfonts\";a:0:{}s:10:\"gfonts_url\";s:0:\"\";s:12:\"gfonts_files\";a:0:{}s:14:\"uag_faq_layout\";b:0;}"],"_uag_css_file_name":["uag-css-50.css"]},"uagb_featured_image_src":{"full":false,"thumbnail":false,"medium":false,"medium_large":false,"large":false,"1536x1536":false,"2048x2048":false},"uagb_author_info":{"display_name":"Hinrich Schr\u00f6der","author_link":"https:\/\/hinrich-schroeder.de\/index.php\/author\/hschroeder\/"},"uagb_comment_info":0,"uagb_excerpt":null,"_links":{"self":[{"href":"https:\/\/hinrich-schroeder.de\/index.php\/wp-json\/wp\/v2\/pages\/50","targetHints":{"allow":["GET"]}}],"collection":[{"href":"https:\/\/hinrich-schroeder.de\/index.php\/wp-json\/wp\/v2\/pages"}],"about":[{"href":"https:\/\/hinrich-schroeder.de\/index.php\/wp-json\/wp\/v2\/types\/page"}],"author":[{"embeddable":true,"href":"https:\/\/hinrich-schroeder.de\/index.php\/wp-json\/wp\/v2\/users\/1"}],"replies":[{"embeddable":true,"href":"https:\/\/hinrich-schroeder.de\/index.php\/wp-json\/wp\/v2\/comments?post=50"}],"version-history":[{"count":34,"href":"https:\/\/hinrich-schroeder.de\/index.php\/wp-json\/wp\/v2\/pages\/50\/revisions"}],"predecessor-version":[{"id":1584,"href":"https:\/\/hinrich-schroeder.de\/index.php\/wp-json\/wp\/v2\/pages\/50\/revisions\/1584"}],"wp:attachment":[{"href":"https:\/\/hinrich-schroeder.de\/index.php\/wp-json\/wp\/v2\/media?parent=50"}],"curies":[{"name":"wp","href":"https:\/\/api.w.org\/{rel}","templated":true}]}}