{"id":32,"date":"2019-06-30T23:01:39","date_gmt":"2019-06-30T21:01:39","guid":{"rendered":"https:\/\/hinrich-schroeder.de\/?page_id=32"},"modified":"2019-11-22T16:15:26","modified_gmt":"2019-11-22T15:15:26","slug":"ueber-mich","status":"publish","type":"page","link":"https:\/\/hinrich-schroeder.de\/index.php\/ueber-mich\/","title":{"rendered":"\u00dcber mich"},"content":{"rendered":"<p><strong><img loading=\"lazy\" decoding=\"async\" class=\"alignnone size-full wp-image-441\" src=\"https:\/\/hinrich-schroeder.de\/wp-content\/uploads\/2019\/11\/berge01a.png\" alt=\"\" width=\"700\" height=\"509\" srcset=\"https:\/\/hinrich-schroeder.de\/wp-content\/uploads\/2019\/11\/berge01a.png 700w, https:\/\/hinrich-schroeder.de\/wp-content\/uploads\/2019\/11\/berge01a-300x218.png 300w\" sizes=\"auto, (max-width: 700px) 100vw, 700px\" \/>\u00dcber mich, mein Leben, meine Weltanschauung etc. kann ich hier nat\u00fcrlich nicht alles offenbaren.<\/strong><br><strong>Aber &#8222;bissle was&#8220; d\u00fcrft Ihr ruhig wissen&#8230;<\/strong><\/p>\n\n<style type=\"text\/css\">\n\t\t\t\t.accordion_example1334.accordionjs {\n\t\t\t\t  position: relative;\n\t\t\t\t  margin: 0;\n\t\t\t\t  padding: 15px;\n\t\t\t\t  list-style: none;\n\t\t\t\t  margin:0px;\n\t\t\t\t  background:url(\"\") repeat scroll 0 0;\n\t\t\t\t}\n\t\t\t\t.accordion_example1334.accordionjs .acc_section {\n\t\t\t\t  border: 1px solid #01a81a !important;\n\t\t\t\t  position: relative;\n\t\t\t\t  z-index: 10;\n\t\t\t\t  margin-top: 0px;\n\t\t\t\t  margin-bottom: 5px !important;\n\t\t\t\t  overflow: hidden;\n\t\t\t\t}\n\t\t\t\t.accordion_example1334.accordionjs .acc_section .acc_head {\n\t\t\t\t  position: relative;\n\t\t\t\t  background: #01a81a !important;\n\t\t\t\t  color:#000;\n\t\t\t\t  font-size:15px;\n\t\t\t\t  text-align:left;\n\t\t\t\t  padding: 8px;\n\t\t\t\t  display: block;\n\t\t\t\t  cursor: pointer;\n\t\t\t\t}\n\t\t\t\t\t.accordion_example1334 .acc_head_icons334 {\n\t\t\t\t\t  color: #000;\n\t\t\t\t\t  float: left;\n\t\t\t\t\t  margin-right: 8px;\n\t\t\t\t\t  padding: 0 10px;\n\t\t\t\t\t}\n\t\t\t\t.accordion_example1334 span.plusicons334 {\n\t\t\t\t    position: absolute;\n\t\t\t\t}\n\t\t\t\t.accordion_example1334 span.minusicons334 {\n\t\t\t\t    position: relative;\n\t\t\t\t    overflow: hidden;\n\t\t\t\t    visibility: hidden;\n\t\t\t\t}\n\t\t\t\t.accordion_example1334 .acc_active span.minusicons334 {\n\t\t\t\t    visibility: visible;\n\t\t\t\t    position: relative;\n\t\t\t\t}\n\t\t\t\t.accordion_example1334 .acc_active span.plusicons334 {\n\t\t\t\t    visibility: hidden;\n\t\t\t\t}\n\t\t\t\t.accordion_example1334.accordionjs .acc_section .acc_head h3 {\n\t\t\t\t  line-height: 1;\n\t\t\t\t  margin: 5px 0;\n\t\t\t\t}\n\t\t\t\t.accordion_example1334.accordionjs .acc_section .acc_content {\n\t\t\t\t  padding: 10px;\n\t\t\t\t}\n\t\t\t\t.accordion_example1334.accordionjs .acc_section:first-of-type,\n\t\t\t\t.accordion_example1334.accordionjs .acc_section:first-of-type .acc_head {\n\t\t\t\t  border-top-left-radius: 0px;\n\t\t\t\t  border-top-right-radius: 0px;\n\t\t\t\t}\n\t\t\t\t.accordion_example1334.accordionjs .acc_section:last-of-type,\n\t\t\t\t.accordion_example1334.accordionjs .acc_section:last-of-type .acc_content {\n\t\t\t\t  border-bottom-left-radius: 0px;\n\t\t\t\t  border-bottom-right-radius: 0px;\n\t\t\t\t}\n\t\t\t\t.accordion_example1334.accordionjs .acc_section.acc_active > .acc_content {\n\t\t\t\t  display: block;\n\t\t\t\t  background: #5ef74a !important;\n\t\t\t\t}\n\t\t\t\t.accordion_example1334.accordionjs .acc_section.acc_active > .acc_content p{\n\t\t\t\t  \tcolor: #000;\n\t\t\t\t  \tfont-size: 15px !important;\n\t\t\t\t\tmargin: 0;\n\t\t\t\t\tpadding: 0;\n\t\t\t\t\tmargin-bottom: 10px;\n\t\t\t\t\tline-height: 28px;\n\t\t\t\t}\n\t\t\t\t.accordion_example1334.accordionjs .acc_section.acc_active > .acc_head {\n\t\t\t\t  background: #F9F9F9;\n\t\t\t\t  border-bottom: 1px solid #ccc;\n\t\t\t\t}\n\t\t\t<\/style><div class=\"accordion_example1334\"><div class=\"accordion_in\"><div class=\"acc_head\">\n\t\t\t\t\t\t\t\t<div class=\"acc_head_icons334\"><span class=\"plusicons334\"><i class=\"fa fa-plus\"><\/i><\/span>\n\t\t\t\t\t\t\t\t<span class=\"minusicons334\"><i class=\"fa fa-minus\"><\/i><\/span><\/div>Name<\/div><div id=\"testing\" class=\"acc_content\"><p>Hinrich \"Enrico\" Schr\u00f6der. Mit dem fr\u00fcheren Bundeskanzler, den wir \"Gas-Gerd\" nennen, habe ich keine verwandtschaftliche Beziehung. Mein gelegentlicher Rufname \"Enrico\" erkl\u00e4rt sich damit, dass ich ein Faible f\u00fcr das Italienische habe. Insbesondere in meinem Lieblingsort Trapani auf Sizilien werde ich nur so genannt. Aber in den Volkshochschulkursen in Memmingen auch ....<\/p>\n<\/div><\/div><div class=\"accordion_in\"><div class=\"acc_head\">\n\t\t\t\t\t\t\t\t<div class=\"acc_head_icons334\"><span class=\"plusicons334\"><i class=\"fa fa-plus\"><\/i><\/span>\n\t\t\t\t\t\t\t\t<span class=\"minusicons334\"><i class=\"fa fa-minus\"><\/i><\/span><\/div>Beruf<\/div><div id=\"testing\" class=\"acc_content\"><div class=\"accordion\" role=\"tabpanel\" aria-hidden=\"false\">\n<div>\n<p>4 Jahre Elektromechaniker, 40 Jahre Informatiker.<\/p>\n<p>Jetzt Rentner - auch noch Freiberufler, Netz-Aktivist, Ehrenamtsinhaber<\/p>\n<\/div>\n<\/div>\n<\/div><\/div><div class=\"accordion_in\"><div class=\"acc_head\">\n\t\t\t\t\t\t\t\t<div class=\"acc_head_icons334\"><span class=\"plusicons334\"><i class=\"fa fa-plus\"><\/i><\/span>\n\t\t\t\t\t\t\t\t<span class=\"minusicons334\"><i class=\"fa fa-minus\"><\/i><\/span><\/div>Internet<\/div><div id=\"testing\" class=\"acc_content\"><div class=\"accordion\" role=\"tabpanel\" aria-hidden=\"false\">\n<div>\n<p>Das Internet ist f\u00fcr mich <strong>die<\/strong> Kommunikations-Plattform. Allem Hackertum und NSA-Skandalen zum Trotz pflege ich viele elekronische Kontakte um den ganzen Erdball. Selber entwickle ich Dinge auf unterschiedlichen Ebenen (Web-Programmierung, etwas Webdesign, Administration von Content-Management-Systemen)<\/p>\n<p>Ich meine, dass wir in einer interessanten Zeit leben und unsere B\u00fcrgerrechte auch auf dem elektronischen Gebiet, wie z.B. dem Internet, sch\u00fctzen und bewahren m\u00fcssen.<\/p>\n<\/div>\n<\/div>\n<\/div><\/div><div class=\"accordion_in\"><div class=\"acc_head\">\n\t\t\t\t\t\t\t\t<div class=\"acc_head_icons334\"><span class=\"plusicons334\"><i class=\"fa fa-plus\"><\/i><\/span>\n\t\t\t\t\t\t\t\t<span class=\"minusicons334\"><i class=\"fa fa-minus\"><\/i><\/span><\/div>Altersberatung<\/div><div id=\"testing\" class=\"acc_content\"><div class=\"accordion\" role=\"tabpanel\" aria-hidden=\"false\">\n<div>\n<p>Von November 2013 bis Juli 2014 bin ich vom Evang. Bildungswerk in Memmingen zum Altersberater ausgebildet worden. Diese Thematik ber\u00fchrt doch viele Lebensbereiche:<\/p>\n<ul>\n<li>Rechtsfragen<\/li>\n<li>Medizin<\/li>\n<li>Psychologie<\/li>\n<li>Ern\u00e4hrung<\/li>\n<li>Finanzen<\/li>\n<\/ul>\n<p>und vieles mehr. Ich selber war einfach fasziniert von der Vielfalt der M\u00f6glichkeiten, mit denen \u00e4lteren Menschen geholfen werden kann und wie \u00e4ltere Menschen sich in sinnvoller Weise den letzten Lebensabschnitt gestalten k\u00f6nnen.<\/p>\n<p>Die demografischen Daten sollten zum Nachdenken anregen.<\/p>\n<p>So werden in unserer Stadt im Jahr 2025 ein Viertel der Einwohner \u00e4lter sein als 65.<\/p>\n<p>Die Zahl der 85-j\u00e4hrigen steigt bis dahin um 50 Prozent.<\/p>\n<p>Ferner rechnet man mit Steigerungen bei der Demenz um 25 % und bei der Pflegebed\u00fcrftigkeit um 30% .<\/p>\n<\/div>\n<\/div>\n<\/div><\/div>\n\t\t\t<script type=\"text\/javascript\">\n\t\t\tjQuery(document).ready(function($){\n\t\t\t    $(\".accordion_example1334\").accordionjs({\n\t\t\t        \/\/ Allow self close.(data-close-able)\n\t\t\t        closeAble   : true,\n\n\t\t\t        \/\/ Close other sections.(data-close-other)\n\t\t\t        closeOther  : true,\n\n\t\t\t        \/\/ Animation Speed.(data-slide-speed)\n\t\t\t        slideSpeed  : 200,\n\n\t\t\t        \/\/ The section open on first init. A number from 1 to X or false.(data-active-index)\n\t\t\t        activeIndex : 1,\n\n\t\t\t        \/\/ Callback when a section is open\n\t\t\t        openSection: function( section ){},\n\n\t\t\t        \/\/ Callback before a section is open\n\t\t\t        beforeOpenSection: function( section ){},\n\t\t\t    });\n\t\t\t});\n\t\t\t<\/script>\n\t\t\t<\/div>\n\n\n\n<figure class=\"wp-block-image size-large\"><img loading=\"lazy\" decoding=\"async\" width=\"444\" height=\"600\" src=\"https:\/\/hinrich-schroeder.de\/wp-content\/uploads\/2019\/11\/Pinwannd01.png\" alt=\"\" class=\"wp-image-443\" srcset=\"https:\/\/hinrich-schroeder.de\/wp-content\/uploads\/2019\/11\/Pinwannd01.png 444w, https:\/\/hinrich-schroeder.de\/wp-content\/uploads\/2019\/11\/Pinwannd01-222x300.png 222w\" sizes=\"auto, (max-width: 444px) 100vw, 444px\" \/><figcaption> <strong>Das Leben rauscht wie ein Wimpernschlag vorbei&#8230;&#8230;Oder? <\/strong><\/figcaption><\/figure>\n","protected":false},"excerpt":{"rendered":"<p>\u00dcber mich, mein Leben, meine Weltanschauung etc. kann ich hier nat\u00fcrlich nicht alles offenbaren.Aber &#8222;bissle was&#8220; d\u00fcrft Ihr ruhig wissen&#8230;<\/p>\n","protected":false},"author":1,"featured_media":0,"parent":0,"menu_order":0,"comment_status":"closed","ping_status":"closed","template":"","meta":{"_uag_custom_page_level_css":"","site-sidebar-layout":"default","site-content-layout":"default","ast-site-content-layout":"default","site-content-style":"default","site-sidebar-style":"default","ast-global-header-display":"","ast-banner-title-visibility":"","ast-main-header-display":"","ast-hfb-above-header-display":"","ast-hfb-below-header-display":"","ast-hfb-mobile-header-display":"","site-post-title":"","ast-breadcrumbs-content":"","ast-featured-img":"","footer-sml-layout":"","theme-transparent-header-meta":"default","adv-header-id-meta":"","stick-header-meta":"default","header-above-stick-meta":"","header-main-stick-meta":"","header-below-stick-meta":"","astra-migrate-meta-layouts":"default","ast-page-background-enabled":"default","ast-page-background-meta":{"desktop":{"background-color":"","background-image":"","background-repeat":"repeat","background-position":"center center","background-size":"auto","background-attachment":"scroll","background-type":"","background-media":"","overlay-type":"","overlay-color":"","overlay-opacity":"","overlay-gradient":""},"tablet":{"background-color":"","background-image":"","background-repeat":"repeat","background-position":"center center","background-size":"auto","background-attachment":"scroll","background-type":"","background-media":"","overlay-type":"","overlay-color":"","overlay-opacity":"","overlay-gradient":""},"mobile":{"background-color":"","background-image":"","background-repeat":"repeat","background-position":"center center","background-size":"auto","background-attachment":"scroll","background-type":"","background-media":"","overlay-type":"","overlay-color":"","overlay-opacity":"","overlay-gradient":""}},"ast-content-background-meta":{"desktop":{"background-color":"var(--ast-global-color-5)","background-image":"","background-repeat":"repeat","background-position":"center center","background-size":"auto","background-attachment":"scroll","background-type":"","background-media":"","overlay-type":"","overlay-color":"","overlay-opacity":"","overlay-gradient":""},"tablet":{"background-color":"var(--ast-global-color-5)","background-image":"","background-repeat":"repeat","background-position":"center center","background-size":"auto","background-attachment":"scroll","background-type":"","background-media":"","overlay-type":"","overlay-color":"","overlay-opacity":"","overlay-gradient":""},"mobile":{"background-color":"var(--ast-global-color-5)","background-image":"","background-repeat":"repeat","background-position":"center center","background-size":"auto","background-attachment":"scroll","background-type":"","background-media":"","overlay-type":"","overlay-color":"","overlay-opacity":"","overlay-gradient":""}},"footnotes":""},"class_list":["post-32","page","type-page","status-publish","hentry"],"spectra_custom_meta":{"_edit_lock":["1623519350:1"],"_edit_last":["1"],"site-sidebar-layout":["default"],"site-content-layout":["default"],"theme-transparent-header-meta":["default"],"stick-header-meta":["default"],"php_everywhere_code":["Just put [php_everywhere] where you want the code to be executed."],"_uag_page_assets":["a:9:{s:3:\"css\";s:263:\".uag-blocks-common-selector{z-index:var(--z-index-desktop) !important}@media (max-width: 976px){.uag-blocks-common-selector{z-index:var(--z-index-tablet) !important}}@media (max-width: 767px){.uag-blocks-common-selector{z-index:var(--z-index-mobile) !important}}\n\";s:2:\"js\";s:0:\"\";s:18:\"current_block_list\";a:2:{i:0;s:14:\"core\/shortcode\";i:1;s:10:\"core\/image\";}s:8:\"uag_flag\";b:0;s:11:\"uag_version\";s:10:\"1767269843\";s:6:\"gfonts\";a:0:{}s:10:\"gfonts_url\";s:0:\"\";s:12:\"gfonts_files\";a:0:{}s:14:\"uag_faq_layout\";b:0;}"],"_uag_css_file_name":["uag-css-32.css"]},"uagb_featured_image_src":{"full":false,"thumbnail":false,"medium":false,"medium_large":false,"large":false,"1536x1536":false,"2048x2048":false},"uagb_author_info":{"display_name":"Hinrich Schr\u00f6der","author_link":"https:\/\/hinrich-schroeder.de\/index.php\/author\/hschroeder\/"},"uagb_comment_info":0,"uagb_excerpt":"\u00dcber mich, mein Leben, meine Weltanschauung etc. kann ich hier nat\u00fcrlich nicht alles offenbaren.Aber &#8222;bissle was&#8220; d\u00fcrft Ihr ruhig wissen&#8230;","_links":{"self":[{"href":"https:\/\/hinrich-schroeder.de\/index.php\/wp-json\/wp\/v2\/pages\/32","targetHints":{"allow":["GET"]}}],"collection":[{"href":"https:\/\/hinrich-schroeder.de\/index.php\/wp-json\/wp\/v2\/pages"}],"about":[{"href":"https:\/\/hinrich-schroeder.de\/index.php\/wp-json\/wp\/v2\/types\/page"}],"author":[{"embeddable":true,"href":"https:\/\/hinrich-schroeder.de\/index.php\/wp-json\/wp\/v2\/users\/1"}],"replies":[{"embeddable":true,"href":"https:\/\/hinrich-schroeder.de\/index.php\/wp-json\/wp\/v2\/comments?post=32"}],"version-history":[{"count":8,"href":"https:\/\/hinrich-schroeder.de\/index.php\/wp-json\/wp\/v2\/pages\/32\/revisions"}],"predecessor-version":[{"id":716,"href":"https:\/\/hinrich-schroeder.de\/index.php\/wp-json\/wp\/v2\/pages\/32\/revisions\/716"}],"wp:attachment":[{"href":"https:\/\/hinrich-schroeder.de\/index.php\/wp-json\/wp\/v2\/media?parent=32"}],"curies":[{"name":"wp","href":"https:\/\/api.w.org\/{rel}","templated":true}]}}