{"id":25,"date":"2019-06-30T18:21:23","date_gmt":"2019-06-30T16:21:23","guid":{"rendered":"https:\/\/hinrich-schroeder.de\/?page_id=25"},"modified":"2025-10-09T21:43:54","modified_gmt":"2025-10-09T19:43:54","slug":"start","status":"publish","type":"page","link":"https:\/\/hinrich-schroeder.de\/","title":{"rendered":"Start"},"content":{"rendered":"\n<div id=\"metaslider-id-280\" style=\"width: 100%;\" class=\"ml-slider-3-101-0 metaslider metaslider-flex metaslider-280 ml-slider ms-theme-cubic nav-hidden\" role=\"region\" aria-label=\"ms_01\" data-height=\"591\" data-width=\"996\">\n    <div id=\"metaslider_container_280\">\n        <div id=\"metaslider_280\" class=\"flexslider\">\n            <ul class='slides'>\n                <li style=\"display: block; width: 100%;\" class=\"slide-1120 ms-image \" aria-roledescription=\"slide\" data-date=\"2021-11-22 15:16:12\"><img loading=\"lazy\" decoding=\"async\" src=\"https:\/\/hinrich-schroeder.de\/wp-content\/uploads\/2019\/11\/Slider_01.jpg\" height=\"591\" width=\"996\" alt=\"\" class=\"slider-280 slide-1120 msDefaultImage\" title=\"Slider_01\" \/><\/li>\n                <li style=\"display: none; width: 100%;\" class=\"slide-1121 ms-image \" aria-roledescription=\"slide\" data-date=\"2021-11-22 15:16:12\"><img loading=\"lazy\" decoding=\"async\" src=\"https:\/\/hinrich-schroeder.de\/wp-content\/uploads\/2019\/11\/Slider_02.jpg\" height=\"591\" width=\"996\" alt=\"\" class=\"slider-280 slide-1121 msDefaultImage\" title=\"Slider_02\" \/><\/li>\n                <li style=\"display: none; width: 100%;\" class=\"slide-1122 ms-image \" aria-roledescription=\"slide\" data-date=\"2021-11-22 15:16:12\"><img loading=\"lazy\" decoding=\"async\" src=\"https:\/\/hinrich-schroeder.de\/wp-content\/uploads\/2019\/11\/Slider_03.jpg\" height=\"591\" width=\"996\" alt=\"\" class=\"slider-280 slide-1122 msDefaultImage\" title=\"Slider_03\" \/><\/li>\n                <li style=\"display: none; width: 100%;\" class=\"slide-1123 ms-image \" aria-roledescription=\"slide\" data-date=\"2021-11-22 15:16:12\"><img loading=\"lazy\" decoding=\"async\" src=\"https:\/\/hinrich-schroeder.de\/wp-content\/uploads\/2019\/11\/Slider_04-996x591.jpg\" height=\"591\" width=\"996\" alt=\"\" class=\"slider-280 slide-1123 msDefaultImage\" title=\"Slider_04\" \/><\/li>\n                <li style=\"display: none; width: 100%;\" class=\"slide-1124 ms-image \" aria-roledescription=\"slide\" data-date=\"2021-11-22 15:16:12\"><img loading=\"lazy\" decoding=\"async\" src=\"https:\/\/hinrich-schroeder.de\/wp-content\/uploads\/2019\/11\/Slider_05.jpg\" height=\"591\" width=\"996\" alt=\"\" class=\"slider-280 slide-1124 msDefaultImage\" title=\"Slider_05\" \/><\/li>\n                <li style=\"display: none; width: 100%;\" class=\"slide-1125 ms-image \" aria-roledescription=\"slide\" data-date=\"2021-11-22 15:16:12\"><img loading=\"lazy\" decoding=\"async\" src=\"https:\/\/hinrich-schroeder.de\/wp-content\/uploads\/2019\/11\/Slider_06-798x474.jpg\" height=\"591\" width=\"996\" alt=\"\" class=\"slider-280 slide-1125 msDefaultImage\" title=\"Slider_06\" \/><\/li>\n            <\/ul>\n        <\/div>\n        \n    <\/div>\n<\/div>\n\n\n\n<figure class=\"wp-block-image size-large is-resized\"><img loading=\"lazy\" decoding=\"async\" width=\"1024\" height=\"258\" src=\"https:\/\/hinrich-schroeder.de\/wp-content\/uploads\/2021\/11\/20211120_LieberW1-1024x258.png\" alt=\"\" class=\"wp-image-1114\" style=\"width:518px;height:130px\" srcset=\"https:\/\/hinrich-schroeder.de\/wp-content\/uploads\/2021\/11\/20211120_LieberW1-1024x258.png 1024w, https:\/\/hinrich-schroeder.de\/wp-content\/uploads\/2021\/11\/20211120_LieberW1-300x76.png 300w, https:\/\/hinrich-schroeder.de\/wp-content\/uploads\/2021\/11\/20211120_LieberW1-768x193.png 768w, https:\/\/hinrich-schroeder.de\/wp-content\/uploads\/2021\/11\/20211120_LieberW1-1536x387.png 1536w, https:\/\/hinrich-schroeder.de\/wp-content\/uploads\/2021\/11\/20211120_LieberW1.png 1937w\" sizes=\"auto, (max-width: 1024px) 100vw, 1024px\" \/><\/figure>\n\n\n<p><!-- >\n\n\n\n\n\n\n\n\n\n\n\n\n\n\n\n\n\n\n\n\n\n\n\n\n\n\n\n\n\n\n\n\n\n\n\n\n\n\n\n\n\n\n\n\n\n\n\n\n\n\n\n\n\n\n\n\n\n\n\n\n\n\n\n\n\n\n\n\n\n\n\n\n\n\n\n\n\n\n\n\n\n\n\n\n\n\n<div id=\"wow_slider_xx0\">\n<iframe src=\"https:\/\/hinrich-schroeder.de\/hs\/iframes\/wow_home\/home_wow.html\" \nstyle=\"width:745px;height:345px;max-width:100%;\noverflow:hidden;border:none;padding:0;margin:0 auto;display:block;\" \nmarginheight=\"0\" marginwidth=\"0\">\n<\/iframe><\/div>\n\n\n\n\n\n\n\n\n\n\n\n\n\n\n\n\n\n\n\n\n\n\n\n\n\n\n\n\n\n\n\n\n\n\n\n\n\n\n\n\n\n\n\n\n\n\n\n\n\n\n\n\n\n\n\n\n\n\n\n\n\n\n\n\n\n\n\n\n\n\n\n\n\n\n\n\n\n\n\n\n\n\n\n\n\n\n<--><\/p>\n<h5><span style=\"color: #000000;\"><img loading=\"lazy\" decoding=\"async\" class=\" wp-image-432 alignright\" src=\"https:\/\/hinrich-schroeder.de\/wp-content\/uploads\/2019\/11\/hs_web03-108x300.png\" alt=\"\" width=\"198\" height=\"550\" \/><\/span><\/h5>\n<p>wir durchleben gerade eine harte Zeit. Vor allem der f\u00fcrchterliche Krieg in der Ukraine will nicht enden. Ich selber bin seit 30 Jahren mit der Ukraine und insbesondere mit den Freunden in unserer Partnerstadt Tschernihiw verbunden. Erst in der Not zeigt sich, wer wirklich dein Freund ist. Wir jedenfalls unterst\u00fctzen weiterhin Tschernihiw. Mehr zu diesem Thema kann man <a href=\"https:\/\/hinrich-schroeder.de\/index.php\/2022\/09\/08\/ukraine-2022\/\">hier<\/a> lesen.<\/p>\n<p>Als Ruhest\u00e4ndler bin ich weiterhin viel mit Informatik besch\u00e4ftigt, obwohl die kommerziellen Eins\u00e4tze deutlich geringer wurden. Aber Raspberry, Python, C++ und etliche andere interessante IT-Themen lassen mich nicht in Ruhe. Auch im Web mit seinen verschiedenen Technologien und Kommunikationsformen\u00a0 will man auf dem Laufenden bleiben.<\/p>\n<p>Jetzt w\u00fcnsche ich Ihnen\/Dir viel Spa\u00df beim Durchst\u00f6bern meiner Bilder und Texte sowie Gesundheit und idealerweise ein viren- und kriegsfreies Leben.<\/p>\n<p>Herzliche Gr\u00fc\u00dfe!<br \/><img loading=\"lazy\" decoding=\"async\" class=\"alignnone size-medium wp-image-439\" src=\"https:\/\/hinrich-schroeder.de\/wp-content\/uploads\/2019\/11\/unterschrift3-300x60.png\" alt=\"\" width=\"300\" height=\"60\" srcset=\"https:\/\/hinrich-schroeder.de\/wp-content\/uploads\/2019\/11\/unterschrift3-300x60.png 300w, https:\/\/hinrich-schroeder.de\/wp-content\/uploads\/2019\/11\/unterschrift3.png 387w\" sizes=\"auto, (max-width: 300px) 100vw, 300px\" \/><\/p>\n\n\n<p><\/p>\n","protected":false},"excerpt":{"rendered":"<p>wir durchleben gerade eine harte Zeit. Vor allem der f\u00fcrchterliche Krieg in der Ukraine will nicht enden. Ich selber bin seit 30 Jahren mit der [&hellip;]<\/p>\n","protected":false},"author":1,"featured_media":0,"parent":0,"menu_order":0,"comment_status":"closed","ping_status":"closed","template":"","meta":{"_uag_custom_page_level_css":"","site-sidebar-layout":"default","site-content-layout":"default","ast-site-content-layout":"default","site-content-style":"default","site-sidebar-style":"default","ast-global-header-display":"","ast-banner-title-visibility":"","ast-main-header-display":"","ast-hfb-above-header-display":"","ast-hfb-below-header-display":"","ast-hfb-mobile-header-display":"","site-post-title":"disabled","ast-breadcrumbs-content":"","ast-featured-img":"","footer-sml-layout":"","theme-transparent-header-meta":"default","adv-header-id-meta":"","stick-header-meta":"default","header-above-stick-meta":"","header-main-stick-meta":"","header-below-stick-meta":"","astra-migrate-meta-layouts":"set","ast-page-background-enabled":"default","ast-page-background-meta":{"desktop":{"background-color":"","background-image":"","background-repeat":"repeat","background-position":"center center","background-size":"auto","background-attachment":"scroll","background-type":"","background-media":"","overlay-type":"","overlay-color":"","overlay-opacity":"","overlay-gradient":""},"tablet":{"background-color":"","background-image":"","background-repeat":"repeat","background-position":"center center","background-size":"auto","background-attachment":"scroll","background-type":"","background-media":"","overlay-type":"","overlay-color":"","overlay-opacity":"","overlay-gradient":""},"mobile":{"background-color":"","background-image":"","background-repeat":"repeat","background-position":"center center","background-size":"auto","background-attachment":"scroll","background-type":"","background-media":"","overlay-type":"","overlay-color":"","overlay-opacity":"","overlay-gradient":""}},"ast-content-background-meta":{"desktop":{"background-color":"var(--ast-global-color-5)","background-image":"","background-repeat":"repeat","background-position":"center center","background-size":"auto","background-attachment":"scroll","background-type":"","background-media":"","overlay-type":"","overlay-color":"","overlay-opacity":"","overlay-gradient":""},"tablet":{"background-color":"var(--ast-global-color-5)","background-image":"","background-repeat":"repeat","background-position":"center center","background-size":"auto","background-attachment":"scroll","background-type":"","background-media":"","overlay-type":"","overlay-color":"","overlay-opacity":"","overlay-gradient":""},"mobile":{"background-color":"var(--ast-global-color-5)","background-image":"","background-repeat":"repeat","background-position":"center center","background-size":"auto","background-attachment":"scroll","background-type":"","background-media":"","overlay-type":"","overlay-color":"","overlay-opacity":"","overlay-gradient":""}},"footnotes":""},"class_list":["post-25","page","type-page","status-publish","hentry"],"spectra_custom_meta":{"_edit_lock":["1760039035:1"],"_edit_last":["1"],"site-sidebar-layout":["default"],"site-content-layout":["default"],"theme-transparent-header-meta":["default"],"stick-header-meta":["default"],"site-post-title":["disabled"],"php_everywhere_code":["Just put [php_everywhere] where you want the code to be executed."],"excerpt_lenght":["100"],"btn_readmore":["Read More"],"nav_value":["1"],"_easy_wp_meta_description":[""],"_uag_custom_page_level_css":[""],"ast-site-content-layout":["default"],"site-content-style":["default"],"site-sidebar-style":["default"],"ast-global-header-display":[""],"ast-banner-title-visibility":[""],"ast-main-header-display":[""],"ast-hfb-above-header-display":[""],"ast-hfb-below-header-display":[""],"ast-hfb-mobile-header-display":[""],"ast-breadcrumbs-content":[""],"ast-featured-img":[""],"footer-sml-layout":[""],"adv-header-id-meta":[""],"header-above-stick-meta":[""],"header-main-stick-meta":[""],"header-below-stick-meta":[""],"astra-migrate-meta-layouts":["set"],"ast-page-background-enabled":["default"],"ast-page-background-meta":["a:3:{s:7:\"desktop\";a:12:{s:16:\"background-color\";s:0:\"\";s:16:\"background-image\";s:0:\"\";s:17:\"background-repeat\";s:6:\"repeat\";s:19:\"background-position\";s:13:\"center center\";s:15:\"background-size\";s:4:\"auto\";s:21:\"background-attachment\";s:6:\"scroll\";s:15:\"background-type\";s:0:\"\";s:16:\"background-media\";s:0:\"\";s:12:\"overlay-type\";s:0:\"\";s:13:\"overlay-color\";s:0:\"\";s:15:\"overlay-opacity\";s:0:\"\";s:16:\"overlay-gradient\";s:0:\"\";}s:6:\"tablet\";a:12:{s:16:\"background-color\";s:0:\"\";s:16:\"background-image\";s:0:\"\";s:17:\"background-repeat\";s:6:\"repeat\";s:19:\"background-position\";s:13:\"center center\";s:15:\"background-size\";s:4:\"auto\";s:21:\"background-attachment\";s:6:\"scroll\";s:15:\"background-type\";s:0:\"\";s:16:\"background-media\";s:0:\"\";s:12:\"overlay-type\";s:0:\"\";s:13:\"overlay-color\";s:0:\"\";s:15:\"overlay-opacity\";s:0:\"\";s:16:\"overlay-gradient\";s:0:\"\";}s:6:\"mobile\";a:12:{s:16:\"background-color\";s:0:\"\";s:16:\"background-image\";s:0:\"\";s:17:\"background-repeat\";s:6:\"repeat\";s:19:\"background-position\";s:13:\"center center\";s:15:\"background-size\";s:4:\"auto\";s:21:\"background-attachment\";s:6:\"scroll\";s:15:\"background-type\";s:0:\"\";s:16:\"background-media\";s:0:\"\";s:12:\"overlay-type\";s:0:\"\";s:13:\"overlay-color\";s:0:\"\";s:15:\"overlay-opacity\";s:0:\"\";s:16:\"overlay-gradient\";s:0:\"\";}}"],"ast-content-background-meta":["a:3:{s:7:\"desktop\";a:12:{s:16:\"background-color\";s:25:\"var(--ast-global-color-5)\";s:16:\"background-image\";s:0:\"\";s:17:\"background-repeat\";s:6:\"repeat\";s:19:\"background-position\";s:13:\"center center\";s:15:\"background-size\";s:4:\"auto\";s:21:\"background-attachment\";s:6:\"scroll\";s:15:\"background-type\";s:0:\"\";s:16:\"background-media\";s:0:\"\";s:12:\"overlay-type\";s:0:\"\";s:13:\"overlay-color\";s:0:\"\";s:15:\"overlay-opacity\";s:0:\"\";s:16:\"overlay-gradient\";s:0:\"\";}s:6:\"tablet\";a:12:{s:16:\"background-color\";s:25:\"var(--ast-global-color-5)\";s:16:\"background-image\";s:0:\"\";s:17:\"background-repeat\";s:6:\"repeat\";s:19:\"background-position\";s:13:\"center center\";s:15:\"background-size\";s:4:\"auto\";s:21:\"background-attachment\";s:6:\"scroll\";s:15:\"background-type\";s:0:\"\";s:16:\"background-media\";s:0:\"\";s:12:\"overlay-type\";s:0:\"\";s:13:\"overlay-color\";s:0:\"\";s:15:\"overlay-opacity\";s:0:\"\";s:16:\"overlay-gradient\";s:0:\"\";}s:6:\"mobile\";a:12:{s:16:\"background-color\";s:25:\"var(--ast-global-color-5)\";s:16:\"background-image\";s:0:\"\";s:17:\"background-repeat\";s:6:\"repeat\";s:19:\"background-position\";s:13:\"center center\";s:15:\"background-size\";s:4:\"auto\";s:21:\"background-attachment\";s:6:\"scroll\";s:15:\"background-type\";s:0:\"\";s:16:\"background-media\";s:0:\"\";s:12:\"overlay-type\";s:0:\"\";s:13:\"overlay-color\";s:0:\"\";s:15:\"overlay-opacity\";s:0:\"\";s:16:\"overlay-gradient\";s:0:\"\";}}"],"footnotes":[""],"_uag_page_assets":["a:9:{s:3:\"css\";s:263:\".uag-blocks-common-selector{z-index:var(--z-index-desktop) !important}@media (max-width: 976px){.uag-blocks-common-selector{z-index:var(--z-index-tablet) !important}}@media (max-width: 767px){.uag-blocks-common-selector{z-index:var(--z-index-mobile) !important}}\n\";s:2:\"js\";s:0:\"\";s:18:\"current_block_list\";a:3:{i:0;s:9:\"core\/html\";i:1;s:10:\"core\/image\";i:2;s:14:\"core\/paragraph\";}s:8:\"uag_flag\";b:0;s:11:\"uag_version\";s:10:\"1767269843\";s:6:\"gfonts\";a:0:{}s:10:\"gfonts_url\";s:0:\"\";s:12:\"gfonts_files\";a:0:{}s:14:\"uag_faq_layout\";b:0;}"],"_uag_css_file_name":["uag-css-25.css"]},"uagb_featured_image_src":{"full":false,"thumbnail":false,"medium":false,"medium_large":false,"large":false,"1536x1536":false,"2048x2048":false},"uagb_author_info":{"display_name":"Hinrich Schr\u00f6der","author_link":"https:\/\/hinrich-schroeder.de\/index.php\/author\/hschroeder\/"},"uagb_comment_info":0,"uagb_excerpt":"wir durchleben gerade eine harte Zeit. Vor allem der f\u00fcrchterliche Krieg in der Ukraine will nicht enden. Ich selber bin seit 30 Jahren mit der [&hellip;]","_links":{"self":[{"href":"https:\/\/hinrich-schroeder.de\/index.php\/wp-json\/wp\/v2\/pages\/25","targetHints":{"allow":["GET"]}}],"collection":[{"href":"https:\/\/hinrich-schroeder.de\/index.php\/wp-json\/wp\/v2\/pages"}],"about":[{"href":"https:\/\/hinrich-schroeder.de\/index.php\/wp-json\/wp\/v2\/types\/page"}],"author":[{"embeddable":true,"href":"https:\/\/hinrich-schroeder.de\/index.php\/wp-json\/wp\/v2\/users\/1"}],"replies":[{"embeddable":true,"href":"https:\/\/hinrich-schroeder.de\/index.php\/wp-json\/wp\/v2\/comments?post=25"}],"version-history":[{"count":67,"href":"https:\/\/hinrich-schroeder.de\/index.php\/wp-json\/wp\/v2\/pages\/25\/revisions"}],"predecessor-version":[{"id":1589,"href":"https:\/\/hinrich-schroeder.de\/index.php\/wp-json\/wp\/v2\/pages\/25\/revisions\/1589"}],"wp:attachment":[{"href":"https:\/\/hinrich-schroeder.de\/index.php\/wp-json\/wp\/v2\/media?parent=25"}],"curies":[{"name":"wp","href":"https:\/\/api.w.org\/{rel}","templated":true}]}}